{"id":8,"date":"2023-06-30T21:23:00","date_gmt":"2023-06-30T19:23:00","guid":{"rendered":"https:\/\/www.vozagraria.mx\/?page_id=8"},"modified":"2023-07-01T01:28:37","modified_gmt":"2023-06-30T23:28:37","slug":"contacto","status":"publish","type":"page","link":"https:\/\/www.vozagraria.mx\/?page_id=8","title":{"rendered":"Contacto"},"content":{"rendered":"\n<p class=\"has-white-color has-text-color\"><strong>Tel\u00e9fono:<\/strong>&nbsp;(614) 423 4713<\/p>\n\n\n\n<p class=\"has-white-color has-text-color\"><strong>Correo electr\u00f3nico:<\/strong>&nbsp;contacto@vozagraria.mx<\/p>\n\n\n\n<p class=\"has-white-color has-text-color\"><strong>Horario de atenci\u00f3n:<\/strong><br>Lunes \u2013 Viernes: 10:00 a 18:00<\/p>\n\n\n\n<p class=\"has-white-color has-text-color\">S\u00e1bado: 10:00 a 18:00<\/p>\n\n\n\n<p class=\"has-white-color has-text-color\">Domingo: con cita previa<\/p>\n\n\n\n<figure class=\"wp-block-image size-full\"><img loading=\"lazy\" decoding=\"async\" width=\"960\" height=\"720\" src=\"https:\/\/www.vozagraria.mx\/site\/wp-content\/uploads\/2023\/07\/asamblea-veracruz.jpg\" alt=\"\" class=\"wp-image-115\" srcset=\"https:\/\/www.vozagraria.mx\/site\/wp-content\/uploads\/2023\/07\/asamblea-veracruz.jpg 960w, https:\/\/www.vozagraria.mx\/site\/wp-content\/uploads\/2023\/07\/asamblea-veracruz-300x225.jpg 300w, https:\/\/www.vozagraria.mx\/site\/wp-content\/uploads\/2023\/07\/asamblea-veracruz-768x576.jpg 768w\" sizes=\"auto, (max-width: 960px) 100vw, 960px\" \/><\/figure>\n","protected":false},"excerpt":{"rendered":"<p>Tel\u00e9fono:&nbsp;(614) 423 4713 Correo electr\u00f3nico:&nbsp;contacto@vozagraria.mx Horario de atenci\u00f3n:Lunes \u2013 Viernes: 10:00 a 18:00 S\u00e1bado: 10:00 a 18:00 Domingo: con cita previa<\/p>\n","protected":false},"author":1,"featured_media":0,"parent":0,"menu_order":0,"comment_status":"closed","ping_status":"closed","template":"","meta":{"_mc_calendar":[],"footnotes":""},"class_list":["post-8","page","type-page","status-publish","hentry"],"_links":{"self":[{"href":"https:\/\/www.vozagraria.mx\/index.php?rest_route=\/wp\/v2\/pages\/8","targetHints":{"allow":["GET"]}}],"collection":[{"href":"https:\/\/www.vozagraria.mx\/index.php?rest_route=\/wp\/v2\/pages"}],"about":[{"href":"https:\/\/www.vozagraria.mx\/index.php?rest_route=\/wp\/v2\/types\/page"}],"author":[{"embeddable":true,"href":"https:\/\/www.vozagraria.mx\/index.php?rest_route=\/wp\/v2\/users\/1"}],"replies":[{"embeddable":true,"href":"https:\/\/www.vozagraria.mx\/index.php?rest_route=%2Fwp%2Fv2%2Fcomments&post=8"}],"version-history":[{"count":0,"href":"https:\/\/www.vozagraria.mx\/index.php?rest_route=\/wp\/v2\/pages\/8\/revisions"}],"wp:attachment":[{"href":"https:\/\/www.vozagraria.mx\/index.php?rest_route=%2Fwp%2Fv2%2Fmedia&parent=8"}],"curies":[{"name":"wp","href":"https:\/\/api.w.org\/{rel}","templated":true}]}}